{"id":1183,"date":"2017-09-14T10:39:55","date_gmt":"2017-09-14T10:39:55","guid":{"rendered":"https:\/\/nrgroup.com.mx\/index.php\/home\/"},"modified":"2023-12-26T00:55:56","modified_gmt":"2023-12-26T00:55:56","slug":"home","status":"publish","type":"page","link":"https:\/\/nrgroup.com.mx\/","title":{"rendered":"Inicio"},"content":{"rendered":"\t\t<div data-elementor-type=\"wp-page\" data-elementor-id=\"1183\" class=\"elementor elementor-1183\" data-elementor-post-type=\"page\">\n\t\t\t\t\t\t<section class=\"elementor-section elementor-top-section elementor-element elementor-element-5851200 elementor-section-content-middle elementor-section-boxed elementor-section-height-default elementor-section-height-default\" data-id=\"5851200\" data-element_type=\"section\" data-e-type=\"section\" data-settings=\"{&quot;background_background&quot;:&quot;classic&quot;}\">\n\t\t\t\t\t\t<div class=\"elementor-container elementor-column-gap-no\">\n\t\t\t\t\t<div class=\"elementor-column elementor-col-100 elementor-top-column elementor-element elementor-element-0fe39c9\" data-id=\"0fe39c9\" data-element_type=\"column\" data-e-type=\"column\">\n\t\t\t<div class=\"elementor-widget-wrap elementor-element-populated\">\n\t\t\t\t<div class=\"elementor-element elementor-element-1d977ea e-con-full e-flex e-con e-parent\" data-id=\"1d977ea\" data-element_type=\"container\" data-e-type=\"container\">\n\t\t\t\t<div class=\"elementor-element elementor-element-0802b8e elementor--h-position-center elementor--v-position-middle elementor-arrows-position-inside elementor-pagination-position-inside elementor-widget elementor-widget-slides\" data-id=\"0802b8e\" data-element_type=\"widget\" data-e-type=\"widget\" data-settings=\"{&quot;navigation&quot;:&quot;both&quot;,&quot;autoplay&quot;:&quot;yes&quot;,&quot;pause_on_hover&quot;:&quot;yes&quot;,&quot;pause_on_interaction&quot;:&quot;yes&quot;,&quot;autoplay_speed&quot;:5000,&quot;infinite&quot;:&quot;yes&quot;,&quot;transition&quot;:&quot;slide&quot;,&quot;transition_speed&quot;:500}\" data-widget_type=\"slides.default\">\n\t\t\t\t<div class=\"elementor-widget-container\">\n\t\t\t\t\t\t\t\t\t<div class=\"elementor-swiper\">\n\t\t\t\t\t<div class=\"elementor-slides-wrapper elementor-main-swiper swiper\" role=\"region\" aria-roledescription=\"carousel\" aria-label=\"Slides\" dir=\"ltr\" data-animation=\"fadeInUp\">\n\t\t\t\t<div class=\"swiper-wrapper elementor-slides\">\n\t\t\t\t\t\t\t\t\t\t<div class=\"elementor-repeater-item-9f2aea9 swiper-slide\" role=\"group\" aria-roledescription=\"slide\"><div class=\"swiper-slide-bg elementor-ken-burns elementor-ken-burns--in\" role=\"img\"><\/div><div class=\"elementor-background-overlay\"><\/div><div class=\"swiper-slide-inner\" ><div class=\"swiper-slide-contents\"><div class=\"elementor-slide-heading\">\u00bf QUIENES SOMOS ?<\/div><div class=\"elementor-slide-description\">Conoce m\u00e1s de nosotros y nuestra historia<\/div><\/div><\/div><\/div><div class=\"elementor-repeater-item-e608e8e swiper-slide\" role=\"group\" aria-roledescription=\"slide\"><div class=\"swiper-slide-bg elementor-ken-burns elementor-ken-burns--in\" role=\"img\"><\/div><div class=\"elementor-background-overlay\"><\/div><a class=\"swiper-slide-inner\" href=\"https:\/\/nrgroup.com.mx\/index.php\/about-us\/\"><div class=\"swiper-slide-contents\"><div class=\"elementor-slide-heading\">PROMOCIONES<\/div><div class=\"elementor-slide-description\">Participa con nosotros, registrate, compra y GANA. Ubica nuestras estaciones participantes                                                                           <\/div><div  class=\"elementor-button elementor-slide-button elementor-size-md\">Ubica la estaci\u00f3n mas cercana<\/div><\/div><\/a><\/div><div class=\"elementor-repeater-item-2c931aa swiper-slide\" role=\"group\" aria-roledescription=\"slide\"><div class=\"swiper-slide-bg elementor-ken-burns elementor-ken-burns--in\" role=\"img\"><\/div><div class=\"elementor-background-overlay\"><\/div><div class=\"swiper-slide-inner\" ><div class=\"swiper-slide-contents\"><div class=\"elementor-slide-heading\">FACTURACI\u00d3N<\/div><div class=\"elementor-slide-description\">Factura aqu\u00ed tus tickets de compra. Ten a la mano tu ticket de compra<\/div><a href=\"https:\/\/nrgroup.com.mx\/index.php\/amenities\/\" class=\"elementor-button elementor-slide-button elementor-size-md\">Facturaci\u00f3n en l\u00ednea<\/a><\/div><\/div><\/div>\t\t\t\t<\/div>\n\t\t\t\t\t\t\t\t\t\t\t\t\t\t\t<div class=\"elementor-swiper-button elementor-swiper-button-prev\" role=\"button\" tabindex=\"0\" aria-label=\"Previous slide\">\n\t\t\t\t\t\t\t<svg aria-hidden=\"true\" class=\"e-font-icon-svg e-eicon-chevron-left\" viewBox=\"0 0 1000 1000\" xmlns=\"http:\/\/www.w3.org\/2000\/svg\"><path d=\"M646 125C629 125 613 133 604 142L308 442C296 454 292 471 292 487 292 504 296 521 308 533L604 854C617 867 629 875 646 875 663 875 679 871 692 858 704 846 713 829 713 812 713 796 708 779 692 767L438 487 692 225C700 217 708 204 708 187 708 171 704 154 692 142 675 129 663 125 646 125Z\"><\/path><\/svg>\t\t\t\t\t\t<\/div>\n\t\t\t\t\t\t<div class=\"elementor-swiper-button elementor-swiper-button-next\" role=\"button\" tabindex=\"0\" aria-label=\"Next slide\">\n\t\t\t\t\t\t\t<svg aria-hidden=\"true\" class=\"e-font-icon-svg e-eicon-chevron-right\" viewBox=\"0 0 1000 1000\" xmlns=\"http:\/\/www.w3.org\/2000\/svg\"><path d=\"M696 533C708 521 713 504 713 487 713 471 708 454 696 446L400 146C388 133 375 125 354 125 338 125 325 129 313 142 300 154 292 171 292 187 292 204 296 221 308 233L563 492 304 771C292 783 288 800 288 817 288 833 296 850 308 863 321 871 338 875 354 875 371 875 388 867 400 854L696 533Z\"><\/path><\/svg>\t\t\t\t\t\t<\/div>\n\t\t\t\t\t\t\t\t\t\t\t\t\t\t\t\t<div class=\"swiper-pagination\"><\/div>\n\t\t\t\t\t\t\t\t\t\t\t\t<\/div>\n\t\t\t\t<\/div>\n\t\t\t\t\t\t\t\t<\/div>\n\t\t\t\t<\/div>\n\t\t\t\t<div class=\"elementor-element elementor-element-90826d1 elementor-widget elementor-widget-spacer\" data-id=\"90826d1\" data-element_type=\"widget\" data-e-type=\"widget\" data-widget_type=\"spacer.default\">\n\t\t\t\t<div class=\"elementor-widget-container\">\n\t\t\t\t\t\t\t<div class=\"elementor-spacer\">\n\t\t\t<div class=\"elementor-spacer-inner\"><\/div>\n\t\t<\/div>\n\t\t\t\t\t\t<\/div>\n\t\t\t\t<\/div>\n\t\t\t\t<\/div>\n\t\t\t\t<div class=\"elementor-element elementor-element-b8b2961 elementor-widget elementor-widget-heading\" data-id=\"b8b2961\" data-element_type=\"widget\" data-e-type=\"widget\" data-widget_type=\"heading.default\">\n\t\t\t\t<div class=\"elementor-widget-container\">\n\t\t\t\t\t<h2 class=\"elementor-heading-title elementor-size-default\">\u00bf QUIENES SOMOS ?<\/h2>\t\t\t\t<\/div>\n\t\t\t\t<\/div>\n\t\t\t\t<div class=\"elementor-element elementor-element-967513b elementor-widget elementor-widget-text-editor\" data-id=\"967513b\" data-element_type=\"widget\" data-e-type=\"widget\" data-widget_type=\"text-editor.default\">\n\t\t\t\t<div class=\"elementor-widget-container\">\n\t\t\t\t\t\t\t\t\t<p>Somos un grupo orgullosamente mexicano. Con presencia en m\u00e1s de 5 localidades en las ciudades de Guanajuato y Quer\u00e9taro.<\/p>\t\t\t\t\t\t\t\t<\/div>\n\t\t\t\t<\/div>\n\t\t\t\t<div class=\"elementor-element elementor-element-e720568 elementor-widget elementor-widget-spacer\" data-id=\"e720568\" data-element_type=\"widget\" data-e-type=\"widget\" data-widget_type=\"spacer.default\">\n\t\t\t\t<div class=\"elementor-widget-container\">\n\t\t\t\t\t\t\t<div class=\"elementor-spacer\">\n\t\t\t<div class=\"elementor-spacer-inner\"><\/div>\n\t\t<\/div>\n\t\t\t\t\t\t<\/div>\n\t\t\t\t<\/div>\n\t\t\t\t<div class=\"elementor-element elementor-element-e452db3 elementor-widget elementor-widget-heading\" data-id=\"e452db3\" data-element_type=\"widget\" data-e-type=\"widget\" data-widget_type=\"heading.default\">\n\t\t\t\t<div class=\"elementor-widget-container\">\n\t\t\t\t\t<h2 class=\"elementor-heading-title elementor-size-default\">MISI\u00d3N<\/h2>\t\t\t\t<\/div>\n\t\t\t\t<\/div>\n\t\t\t\t<div class=\"elementor-element elementor-element-67ff2b1 elementor-widget elementor-widget-text-editor\" data-id=\"67ff2b1\" data-element_type=\"widget\" data-e-type=\"widget\" data-widget_type=\"text-editor.default\">\n\t\t\t\t<div class=\"elementor-widget-container\">\n\t\t\t\t\t\t\t\t\t<p>Grupo NR es una empresa Gasolinera comprometida en brindar combustible y servicios\u00a0<span style=\"font-style: inherit; font-weight: inherit; color: var(--ast-global-color-3);\">automotrices de la m\u00e1s alta calidad, mientras mantenemos la honestidad y la pasi\u00f3n en cada\u00a0<\/span><span style=\"font-style: inherit; font-weight: inherit; color: var(--ast-global-color-3);\">aspecto de nuestro negocio. Estamos comprometidos con la responsabilidad social, apoyando a\u00a0<\/span><span style=\"font-style: inherit; font-weight: inherit; color: var(--ast-global-color-3);\">nuestras comunidades donde nos ubicamos y cuidando el medio ambiente a partir del\u00a0<\/span><span style=\"font-style: inherit; font-weight: inherit; color: var(--ast-global-color-3);\">cumplimiento de las regulaciones vigentes de nuestro pa\u00eds. Valoramos a nuestros trabajadores y\u00a0<\/span><span style=\"font-style: inherit; font-weight: inherit; color: var(--ast-global-color-3);\">fomentamos la lealtad y el desarrollo personal en un ambiente de trabajo seguro y gratificante.<\/span><\/p>\t\t\t\t\t\t\t\t<\/div>\n\t\t\t\t<\/div>\n\t\t\t\t<div class=\"elementor-element elementor-element-c5d0713 elementor-widget elementor-widget-heading\" data-id=\"c5d0713\" data-element_type=\"widget\" data-e-type=\"widget\" data-widget_type=\"heading.default\">\n\t\t\t\t<div class=\"elementor-widget-container\">\n\t\t\t\t\t<h2 class=\"elementor-heading-title elementor-size-default\">VISI\u00d3N<\/h2>\t\t\t\t<\/div>\n\t\t\t\t<\/div>\n\t\t\t\t<div class=\"elementor-element elementor-element-9998e4c elementor-widget elementor-widget-text-editor\" data-id=\"9998e4c\" data-element_type=\"widget\" data-e-type=\"widget\" data-widget_type=\"text-editor.default\">\n\t\t\t\t<div class=\"elementor-widget-container\">\n\t\t\t\t\t\t\t\t\t<p><span style=\"text-align: center;\">Grupo NR quiere ser un grupo Gasolinero de referencia, donde la honestidad y la calidad&nbsp;<\/span><span style=\"color: var(--ast-global-color-3); font-style: inherit; font-weight: inherit; text-align: center;\">son la base de cada acci\u00f3n que tomamos. Queremos ser conocidos por nuestra pasi\u00f3n por el&nbsp;<\/span><span style=\"color: var(--ast-global-color-3); font-style: inherit; font-weight: inherit; text-align: center;\">servicio al cliente y por nuestro compromiso con la responsabilidad social, contribuyendo al&nbsp;<\/span><span style=\"color: var(--ast-global-color-3); font-style: inherit; font-weight: inherit; text-align: center;\">bienestar y cuidado del planeta. Fomentamos la honestidad y responsabilidad en nuestros&nbsp;<\/span><span style=\"color: var(--ast-global-color-3); font-style: inherit; font-weight: inherit; text-align: center;\">empleados y con ello garantizar la lealtad de nuestros clientes.&nbsp;<\/span><span style=\"color: var(--ast-global-color-3); font-style: inherit; font-weight: inherit; text-align: center;\">Ser una empresa rentable, confiable y responsable socialmente generando beneficios exclusivos a&nbsp;<\/span><span style=\"color: var(--ast-global-color-3); font-style: inherit; font-weight: inherit; text-align: center;\">cada uno de nuestros clientes y socios.<\/span><br><\/p>\t\t\t\t\t\t\t\t<\/div>\n\t\t\t\t<\/div>\n\t\t\t\t\t<\/div>\n\t\t<\/div>\n\t\t\t\t\t<\/div>\n\t\t<\/section>\n\t\t\t\t<section class=\"elementor-section elementor-top-section elementor-element elementor-element-c18454c elementor-section-content-middle elementor-section-boxed elementor-section-height-default elementor-section-height-default\" data-id=\"c18454c\" data-element_type=\"section\" data-e-type=\"section\" data-settings=\"{&quot;background_background&quot;:&quot;gradient&quot;}\">\n\t\t\t\t\t\t\t<div class=\"elementor-background-overlay\"><\/div>\n\t\t\t\t\t\t\t<div class=\"elementor-container elementor-column-gap-no\">\n\t\t\t\t\t<div class=\"elementor-column elementor-col-33 elementor-top-column elementor-element elementor-element-c6727bb\" data-id=\"c6727bb\" data-element_type=\"column\" data-e-type=\"column\" data-settings=\"{&quot;background_background&quot;:&quot;classic&quot;}\">\n\t\t\t<div class=\"elementor-widget-wrap elementor-element-populated\">\n\t\t\t\t\t\t<div class=\"elementor-element elementor-element-bf98d17 elementor-widget elementor-widget-image\" data-id=\"bf98d17\" data-element_type=\"widget\" data-e-type=\"widget\" data-widget_type=\"image.default\">\n\t\t\t\t<div class=\"elementor-widget-container\">\n\t\t\t\t\t\t\t\t\t\t\t\t\t\t\t<img fetchpriority=\"high\" decoding=\"async\" width=\"768\" height=\"1024\" src=\"https:\/\/nrgroup.com.mx\/wp-content\/uploads\/2023\/12\/Conoce-nuestras-estaciones2-768x1024.jpg\" class=\"attachment-large size-large wp-image-1434\" alt=\"\" srcset=\"https:\/\/nrgroup.com.mx\/wp-content\/uploads\/2023\/12\/Conoce-nuestras-estaciones2-768x1024.jpg 768w, https:\/\/nrgroup.com.mx\/wp-content\/uploads\/2023\/12\/Conoce-nuestras-estaciones2-225x300.jpg 225w, https:\/\/nrgroup.com.mx\/wp-content\/uploads\/2023\/12\/Conoce-nuestras-estaciones2-1152x1536.jpg 1152w, https:\/\/nrgroup.com.mx\/wp-content\/uploads\/2023\/12\/Conoce-nuestras-estaciones2-1536x2048.jpg 1536w, https:\/\/nrgroup.com.mx\/wp-content\/uploads\/2023\/12\/Conoce-nuestras-estaciones2-600x800.jpg 600w, https:\/\/nrgroup.com.mx\/wp-content\/uploads\/2023\/12\/Conoce-nuestras-estaciones2-scaled.jpg 1920w\" sizes=\"(max-width: 768px) 100vw, 768px\" \/>\t\t\t\t\t\t\t\t\t\t\t\t\t\t\t<\/div>\n\t\t\t\t<\/div>\n\t\t\t\t\t<\/div>\n\t\t<\/div>\n\t\t\t\t<div class=\"elementor-column elementor-col-66 elementor-top-column elementor-element elementor-element-a46a99b\" data-id=\"a46a99b\" data-element_type=\"column\" data-e-type=\"column\" data-settings=\"{&quot;background_background&quot;:&quot;classic&quot;}\">\n\t\t\t<div class=\"elementor-widget-wrap elementor-element-populated\">\n\t\t\t\t\t\t<div class=\"elementor-element elementor-element-42a4a2b elementor-widget elementor-widget-heading\" data-id=\"42a4a2b\" data-element_type=\"widget\" data-e-type=\"widget\" data-widget_type=\"heading.default\">\n\t\t\t\t<div class=\"elementor-widget-container\">\n\t\t\t\t\t<h3 class=\"elementor-heading-title elementor-size-default\">CONOCE NUESTRAS ESTACIONES DE SERVICIO<\/h3>\t\t\t\t<\/div>\n\t\t\t\t<\/div>\n\t\t\t\t<div class=\"elementor-element elementor-element-31e66ba elementor-widget elementor-widget-text-editor\" data-id=\"31e66ba\" data-element_type=\"widget\" data-e-type=\"widget\" data-widget_type=\"text-editor.default\">\n\t\t\t\t<div class=\"elementor-widget-container\">\n\t\t\t\t\t\t\t\t\t<p>Contamos con m\u00e1s de 14 estaciones de servicio en las ciudades de Guanajuato y Quer\u00e9taro. Con un enfoque de crecimiento acelerado.<\/p>\t\t\t\t\t\t\t\t<\/div>\n\t\t\t\t<\/div>\n\t\t\t\t<div class=\"elementor-element elementor-element-924cd5c elementor-widget elementor-widget-button\" data-id=\"924cd5c\" data-element_type=\"widget\" data-e-type=\"widget\" data-widget_type=\"button.default\">\n\t\t\t\t<div class=\"elementor-widget-container\">\n\t\t\t\t\t\t\t\t\t<div class=\"elementor-button-wrapper\">\n\t\t\t\t\t<a class=\"elementor-button elementor-button-link elementor-size-sm\" href=\"https:\/\/nrgroup.com.mx\/index.php\/about-us-2\/\">\n\t\t\t\t\t\t<span class=\"elementor-button-content-wrapper\">\n\t\t\t\t\t\t<span class=\"elementor-button-icon\">\n\t\t\t\t<svg aria-hidden=\"true\" class=\"e-font-icon-svg e-fas-gas-pump\" viewBox=\"0 0 512 512\" xmlns=\"http:\/\/www.w3.org\/2000\/svg\"><path d=\"M336 448H16c-8.8 0-16 7.2-16 16v32c0 8.8 7.2 16 16 16h320c8.8 0 16-7.2 16-16v-32c0-8.8-7.2-16-16-16zm157.2-340.7l-81-81c-6.2-6.2-16.4-6.2-22.6 0l-11.3 11.3c-6.2 6.2-6.2 16.4 0 22.6L416 97.9V160c0 28.1 20.9 51.3 48 55.2V376c0 13.2-10.8 24-24 24s-24-10.8-24-24v-32c0-48.6-39.4-88-88-88h-8V64c0-35.3-28.7-64-64-64H96C60.7 0 32 28.7 32 64v352h288V304h8c22.1 0 40 17.9 40 40v27.8c0 37.7 27 72 64.5 75.9 43 4.3 79.5-29.5 79.5-71.7V152.6c0-17-6.8-33.3-18.8-45.3zM256 192H96V64h160v128z\"><\/path><\/svg>\t\t\t<\/span>\n\t\t\t\t\t\t\t\t\t<span class=\"elementor-button-text\">UBICA TU ESTACI\u00d3N<\/span>\n\t\t\t\t\t<\/span>\n\t\t\t\t\t<\/a>\n\t\t\t\t<\/div>\n\t\t\t\t\t\t\t\t<\/div>\n\t\t\t\t<\/div>\n\t\t\t\t\t<\/div>\n\t\t<\/div>\n\t\t\t\t\t<\/div>\n\t\t<\/section>\n\t\t<div class=\"elementor-element elementor-element-2e20848 e-flex e-con-boxed e-con e-parent\" data-id=\"2e20848\" data-element_type=\"container\" data-e-type=\"container\">\n\t\t\t\t\t<div class=\"e-con-inner\">\n\t\t\t\t<div class=\"elementor-element elementor-element-c287828 elementor-widget elementor-widget-spacer\" data-id=\"c287828\" data-element_type=\"widget\" data-e-type=\"widget\" data-widget_type=\"spacer.default\">\n\t\t\t\t<div class=\"elementor-widget-container\">\n\t\t\t\t\t\t\t<div class=\"elementor-spacer\">\n\t\t\t<div class=\"elementor-spacer-inner\"><\/div>\n\t\t<\/div>\n\t\t\t\t\t\t<\/div>\n\t\t\t\t<\/div>\n\t\t\t\t\t<\/div>\n\t\t\t\t<\/div>\n\t\t\t\t<\/div>\n\t\t","protected":false},"excerpt":{"rendered":"<p>\u00bf QUIENES SOMOS ?Conoce m\u00e1s de nosotros y nuestra historiaPROMOCIONESParticipa con nosotros, registrate, compra y GANA. Ubica nuestras estaciones participantes Ubica la estaci\u00f3n mas cercanaFACTURACI\u00d3NFactura aqu\u00ed tus tickets de compra. Ten a la mano tu ticket de compraFacturaci\u00f3n en l\u00ednea Previous slide Next slide \u00bf QUIENES SOMOS ? Somos un grupo orgullosamente mexicano. Con presencia [&hellip;]<\/p>\n","protected":false},"author":1,"featured_media":0,"parent":0,"menu_order":0,"comment_status":"closed","ping_status":"closed","template":"","meta":{"site-sidebar-layout":"no-sidebar","site-content-layout":"page-builder","ast-site-content-layout":"default","site-content-style":"default","site-sidebar-style":"default","ast-global-header-display":"","ast-banner-title-visibility":"","ast-main-header-display":"","ast-hfb-above-header-display":"","ast-hfb-below-header-display":"","ast-hfb-mobile-header-display":"","site-post-title":"disabled","ast-breadcrumbs-content":"","ast-featured-img":"disabled","footer-sml-layout":"","ast-disable-related-posts":"","theme-transparent-header-meta":"enabled","adv-header-id-meta":"","stick-header-meta":"","header-above-stick-meta":"","header-main-stick-meta":"","header-below-stick-meta":"","astra-migrate-meta-layouts":"default","ast-page-background-enabled":"default","ast-page-background-meta":{"desktop":{"background-color":"","background-image":"","background-repeat":"repeat","background-position":"center center","background-size":"auto","background-attachment":"scroll","background-type":"","background-media":"","overlay-type":"","overlay-color":"","overlay-opacity":"","overlay-gradient":""},"tablet":{"background-color":"","background-image":"","background-repeat":"repeat","background-position":"center center","background-size":"auto","background-attachment":"scroll","background-type":"","background-media":"","overlay-type":"","overlay-color":"","overlay-opacity":"","overlay-gradient":""},"mobile":{"background-color":"","background-image":"","background-repeat":"repeat","background-position":"center center","background-size":"auto","background-attachment":"scroll","background-type":"","background-media":"","overlay-type":"","overlay-color":"","overlay-opacity":"","overlay-gradient":""}},"ast-content-background-meta":{"desktop":{"background-color":"var(--ast-global-color-5)","background-image":"","background-repeat":"repeat","background-position":"center center","background-size":"auto","background-attachment":"scroll","background-type":"","background-media":"","overlay-type":"","overlay-color":"","overlay-opacity":"","overlay-gradient":""},"tablet":{"background-color":"var(--ast-global-color-5)","background-image":"","background-repeat":"repeat","background-position":"center center","background-size":"auto","background-attachment":"scroll","background-type":"","background-media":"","overlay-type":"","overlay-color":"","overlay-opacity":"","overlay-gradient":""},"mobile":{"background-color":"var(--ast-global-color-5)","background-image":"","background-repeat":"repeat","background-position":"center center","background-size":"auto","background-attachment":"scroll","background-type":"","background-media":"","overlay-type":"","overlay-color":"","overlay-opacity":"","overlay-gradient":""}},"footnotes":""},"class_list":["post-1183","page","type-page","status-publish","hentry"],"_links":{"self":[{"href":"https:\/\/nrgroup.com.mx\/index.php\/wp-json\/wp\/v2\/pages\/1183","targetHints":{"allow":["GET"]}}],"collection":[{"href":"https:\/\/nrgroup.com.mx\/index.php\/wp-json\/wp\/v2\/pages"}],"about":[{"href":"https:\/\/nrgroup.com.mx\/index.php\/wp-json\/wp\/v2\/types\/page"}],"author":[{"embeddable":true,"href":"https:\/\/nrgroup.com.mx\/index.php\/wp-json\/wp\/v2\/users\/1"}],"replies":[{"embeddable":true,"href":"https:\/\/nrgroup.com.mx\/index.php\/wp-json\/wp\/v2\/comments?post=1183"}],"version-history":[{"count":69,"href":"https:\/\/nrgroup.com.mx\/index.php\/wp-json\/wp\/v2\/pages\/1183\/revisions"}],"predecessor-version":[{"id":1468,"href":"https:\/\/nrgroup.com.mx\/index.php\/wp-json\/wp\/v2\/pages\/1183\/revisions\/1468"}],"wp:attachment":[{"href":"https:\/\/nrgroup.com.mx\/index.php\/wp-json\/wp\/v2\/media?parent=1183"}],"curies":[{"name":"wp","href":"https:\/\/api.w.org\/{rel}","templated":true}]}}